{"id":85666,"date":"2025-11-19T07:15:21","date_gmt":"2025-11-19T07:15:21","guid":{"rendered":"https:\/\/www.lab.eus\/?page_id=85666"},"modified":"2025-11-19T07:15:24","modified_gmt":"2025-11-19T07:15:24","slug":"alquiler-seguro-formularioa","status":"publish","type":"page","link":"https:\/\/www.lab.eus\/es\/alquiler-seguro-formularioa\/","title":{"rendered":"ALQUILER SEGURO FORMULARIOA"},"content":{"rendered":"\n<div class=\"wp-block-contact-form-7-contact-form-selector\">\n<div class=\"wpcf7 no-js\" id=\"wpcf7-f85665-o1\" lang=\"eu-ES\" dir=\"ltr\" data-wpcf7-id=\"85665\">\n<div class=\"screen-reader-response\"><p role=\"status\" aria-live=\"polite\" aria-atomic=\"true\"><\/p> <ul><\/ul><\/div>\n<form action=\"\/es\/wp-json\/wp\/v2\/pages\/85666#wpcf7-f85665-o1\" method=\"post\" class=\"wpcf7-form init\" aria-label=\"Contact form\" novalidate=\"novalidate\" data-status=\"init\">\n<fieldset class=\"hidden-fields-container\"><input type=\"hidden\" name=\"_wpcf7\" value=\"85665\" \/><input type=\"hidden\" name=\"_wpcf7_version\" value=\"6.1.5\" \/><input type=\"hidden\" name=\"_wpcf7_locale\" value=\"eu_ES\" \/><input type=\"hidden\" name=\"_wpcf7_unit_tag\" value=\"wpcf7-f85665-o1\" \/><input type=\"hidden\" name=\"_wpcf7_container_post\" value=\"0\" \/><input type=\"hidden\" name=\"_wpcf7_posted_data_hash\" value=\"\" \/><input type=\"hidden\" name=\"_wpcf7cf_hidden_group_fields\" value=\"[]\" \/><input type=\"hidden\" name=\"_wpcf7cf_hidden_groups\" value=\"[]\" \/><input type=\"hidden\" name=\"_wpcf7cf_visible_groups\" value=\"[]\" \/><input type=\"hidden\" name=\"_wpcf7cf_repeaters\" value=\"[]\" \/><input type=\"hidden\" name=\"_wpcf7cf_steps\" value=\"{}\" \/><input type=\"hidden\" name=\"_wpcf7cf_options\" value=\"{&quot;form_id&quot;:85665,&quot;conditions&quot;:[{&quot;and_rules&quot;:[{&quot;if_field&quot;:&quot;&quot;,&quot;operator&quot;:&quot;equals&quot;,&quot;if_value&quot;:&quot;BAI&quot;}]},{&quot;and_rules&quot;:[{&quot;if_field&quot;:&quot;&quot;,&quot;operator&quot;:&quot;equals&quot;,&quot;if_value&quot;:&quot;EZ&quot;}]}],&quot;settings&quot;:{&quot;animation&quot;:&quot;yes&quot;,&quot;animation_intime&quot;:200,&quot;animation_outtime&quot;:200,&quot;conditions_ui&quot;:&quot;normal&quot;,&quot;notice_dismissed&quot;:false,&quot;notice_dismissed_rollback-cf7-5.8&quot;:true,&quot;notice_dismissed_rollback-cf7-5.9.5&quot;:true}}\" \/><input type=\"hidden\" name=\"_wpcf7_recaptcha_response\" value=\"\" \/>\n<\/fieldset>\n<h4>Zu ere Alquiler Segurok erabiltzen dituen gehiegizko praktikez nazkatu zara? Ezkutuko ordainsariak inposatuz lapurtu diguten dirua berreskuratzeko plan bat dugu. Legeak debekatzen die, Madrilgo gobernuak isuna ezarriko die baina inpunitate osoz jarduten jarraitzen dute. Ekintzara pasatzeko ordua heldu zaigu. Hego Euskal Herrian ere maizterrak antolatzen ari gara gure dirua berreskuratzeko eta jende gehaigorekin harremanetan jartzen ari gara. Gure indarra, asko eta ondo antolatuta egotea da.\n<\/h4>\n<h5><i>\u00bfT\u00fa tambi\u00e9n est\u00e1s harta de las pr\u00e1cticas abusivas de Alquiler Seguro? Tenemos un plan para recuperar el dinero que nos han estafado cobr\u00e1ndonos honorarios encubiertos. La ley lo proh\u00edbe, El gobierno de Madrid les ha abierto un expediente pero ellos siguen actuando con impunidad. Ha llegado la hora de pasar a la acci\u00f3n: tambi\u00e9n en Hego Euskal Herria las inquilinas estamos dispuestas a recuperar nuestro dinero. Estamos contactando a m\u00e1s gente porque nuestra fuerza radica en ser muchas y bien organizadas. <\/i>\n<\/h5>\n<p><b>*** Erantzun guztiak derrigorrezkoak dira<\/b> \/ Todas las respuestas son obligatorias\n<\/p>\n<p><a href=\"https:\/\/www.lab.eus\/lege-oharra-eta-pribatutasun-politika\/\" target=\"_blank\"><b>*** Datuak konfidentzialak dira eta gure pribatutasun-politikari lotuta daude <\/b>\/ Los datos son confidenciales y sujetos a nuestra pol\u00edtica de privacidad<\/a>\n<\/p>\n<h3>\ud83e\uddfe Kontratu titularraren izena \/ Nombre del titular del contrato\n<\/h3>\n<p><label>Izena \/ Nombre<br \/>\n<span class=\"wpcf7-form-control-wrap\" data-name=\"izena\"><input size=\"40\" maxlength=\"400\" class=\"wpcf7-form-control wpcf7-text wpcf7-validates-as-required\" aria-required=\"true\" aria-invalid=\"false\" value=\"\" type=\"text\" name=\"izena\" \/><\/span><\/label><br \/>\n<label>Abizenak \/ Apellidos<br \/>\n<span class=\"wpcf7-form-control-wrap\" data-name=\"abizenak\"><input size=\"40\" maxlength=\"400\" class=\"wpcf7-form-control wpcf7-text wpcf7-validates-as-required\" aria-required=\"true\" aria-invalid=\"false\" value=\"\" type=\"text\" name=\"abizenak\" \/><\/span><\/label><br \/>\n<label>NAN zenbakia (espaziorik gabe) \/ DNI sin espacios<br \/>\n<span class=\"wpcf7-form-control-wrap\" data-name=\"nan\"><input size=\"40\" maxlength=\"400\" class=\"wpcf7-form-control wpcf7-text wpcf7-validates-as-required\" aria-required=\"true\" aria-invalid=\"false\" value=\"\" type=\"text\" name=\"nan\" \/><\/span><\/label>\n<\/p>\n<h3>\ud83d\udcde Harremanetarako datuak \/ Datos de contacto\n<\/h3>\n<p><label>Telefono zenbakia \/ N\u00famero de tel\u00e9fono<br \/>\n<span class=\"wpcf7-form-control-wrap\" data-name=\"telefono\"><input size=\"40\" maxlength=\"400\" class=\"wpcf7-form-control wpcf7-tel wpcf7-validates-as-required wpcf7-text wpcf7-validates-as-tel\" aria-required=\"true\" aria-invalid=\"false\" value=\"\" type=\"tel\" name=\"telefono\" \/><\/span><\/label><br \/>\n<label>Email helbidea \/ Correo electr\u00f3nico<br \/>\n<span class=\"wpcf7-form-control-wrap\" data-name=\"email\"><input size=\"40\" maxlength=\"400\" class=\"wpcf7-form-control wpcf7-email wpcf7-validates-as-required wpcf7-text wpcf7-validates-as-email\" aria-required=\"true\" aria-invalid=\"false\" value=\"\" type=\"email\" name=\"email\" \/><\/span><\/label>\n<\/p>\n<h3>\ud83c\udfe0 Helbidea \/ Direcci\u00f3n\n<\/h3>\n<p><label>Kalea \/ Calle<br \/>\n<span class=\"wpcf7-form-control-wrap\" data-name=\"kalea\"><input size=\"40\" maxlength=\"400\" class=\"wpcf7-form-control wpcf7-text wpcf7-validates-as-required\" aria-required=\"true\" aria-invalid=\"false\" value=\"\" type=\"text\" name=\"kalea\" \/><\/span><\/label><br \/>\n<label>Herria \/ Hiriburua \/ Ciudad<br \/>\n<span class=\"wpcf7-form-control-wrap\" data-name=\"herria\"><input size=\"40\" maxlength=\"400\" class=\"wpcf7-form-control wpcf7-text wpcf7-validates-as-required\" aria-required=\"true\" aria-invalid=\"false\" value=\"\" type=\"text\" name=\"herria\" \/><\/span><\/label><br \/>\n<label>Herrialdea \/ Provincia<br \/>\n<span class=\"wpcf7-form-control-wrap\" data-name=\"herrialdea\"><input size=\"40\" maxlength=\"400\" class=\"wpcf7-form-control wpcf7-text wpcf7-validates-as-required\" aria-required=\"true\" aria-invalid=\"false\" value=\"\" type=\"text\" name=\"herrialdea\" \/><\/span><\/label><br \/>\n<label>KP \/ CP<br \/>\n<span class=\"wpcf7-form-control-wrap\" data-name=\"kp\"><input size=\"40\" maxlength=\"400\" class=\"wpcf7-form-control wpcf7-text wpcf7-validates-as-required\" aria-required=\"true\" aria-invalid=\"false\" value=\"\" type=\"text\" name=\"kp\" \/><\/span><\/label>\n<\/p>\n<h3>\ud83e\uddf7 Afiliazioa \/ Afiliaci\u00f3n\n<\/h3>\n<p><label>LABen afiliatuta zaude? \/ \u00bfEst\u00e1s afiliada en el sindicato?<br \/>\n<span class=\"wpcf7-form-control-wrap\" data-name=\"afiliatua\"><span class=\"wpcf7-form-control wpcf7-radio\"><span class=\"wpcf7-list-item first\"><input type=\"radio\" name=\"afiliatua\" value=\"BAI \/ S\u00ed\" checked=\"checked\" \/><span class=\"wpcf7-list-item-label\">BAI \/ S\u00ed<\/span><\/span><span class=\"wpcf7-list-item\"><input type=\"radio\" name=\"afiliatua\" value=\"Oraindik ez \/ Todav\u00eda no\" \/><span class=\"wpcf7-list-item-label\">Oraindik ez \/ Todav\u00eda no<\/span><\/span><span class=\"wpcf7-list-item last\"><input type=\"radio\" name=\"afiliatua\" value=\"Beste sindikatu batean \/ En otro sindicato\" \/><span class=\"wpcf7-list-item-label\">Beste sindikatu batean \/ En otro sindicato<\/span><\/span><\/span><\/span><\/label>\n<\/p>\n<h3>\ud83d\udcc4 Kontratuaren datuak \/ Datos del contrato\n<\/h3>\n<p><label>Azken kontratuaren hasiera data \/ Fecha de inicio del \u00faltimo contrato en vigor (e\/h\/20XX)<br \/>\n<span class=\"wpcf7-form-control-wrap\" data-name=\"kontratu_data\"><input class=\"wpcf7-form-control wpcf7-date wpcf7-validates-as-required wpcf7-validates-as-date\" aria-required=\"true\" aria-invalid=\"false\" value=\"\" type=\"date\" name=\"kontratu_data\" \/><\/span><\/label>\n<\/p>\n<p><label>Zenbat ordaintzen duzu gaur egun? \/ \u00bfCu\u00e1nto pagas de alquiler al mes en la actualidad?<br \/>\n<span class=\"wpcf7-form-control-wrap\" data-name=\"alokairua\"><input class=\"wpcf7-form-control wpcf7-number wpcf7-validates-as-required wpcf7-validates-as-number\" min=\"0\" aria-required=\"true\" aria-invalid=\"false\" value=\"\" type=\"number\" name=\"alokairua\" \/><\/span><\/label>\n<\/p>\n<p><label>Jabegoa nor da? \/ Tipo de propietario<br \/>\n<span class=\"wpcf7-form-control-wrap\" data-name=\"jabegoa\"><select class=\"wpcf7-form-control wpcf7-select wpcf7-validates-as-required\" aria-required=\"true\" aria-invalid=\"false\" name=\"jabegoa\"><option value=\"Pertsona fisikoa \/ Persona f\u00edsica\">Pertsona fisikoa \/ Persona f\u00edsica<\/option><option value=\"Enpresa \/ Empresa\">Enpresa \/ Empresa<\/option><option value=\"Ondasun erkidegoa \/ Comunidad de bienes\">Ondasun erkidegoa \/ Comunidad de bienes<\/option><option value=\"Ez dakit \/ No lo s\u00e9\">Ez dakit \/ No lo s\u00e9<\/option><\/select><\/span><\/label>\n<\/p>\n<p><label>Ordaindu gabeko alokairu kuotarik duzu? \/ \u00bfTienes alg\u00fan recibo de alquiler retrasado\/impagado?<br \/>\n<span class=\"wpcf7-form-control-wrap\" data-name=\"kuotak\"><span class=\"wpcf7-form-control wpcf7-radio\"><span class=\"wpcf7-list-item first\"><input type=\"radio\" name=\"kuotak\" value=\"BAI \/ S\u00ed\" \/><span class=\"wpcf7-list-item-label\">BAI \/ S\u00ed<\/span><\/span><span class=\"wpcf7-list-item last\"><input type=\"radio\" name=\"kuotak\" value=\"EZ \/ No\" \/><span class=\"wpcf7-list-item-label\">EZ \/ No<\/span><\/span><\/span><\/span><\/label>\n<\/p>\n<p><label>Ezkutuko ordainsariak (SAI) ordaindu zenituen? \/ \u00bfPagaste los honorarios encubiertos o SAI?<br \/>\n<span class=\"wpcf7-form-control-wrap\" data-name=\"sai\"><span class=\"wpcf7-form-control wpcf7-radio\"><span class=\"wpcf7-list-item first\"><input type=\"radio\" name=\"sai\" value=\"BAI \/ S\u00ed\" \/><span class=\"wpcf7-list-item-label\">BAI \/ S\u00ed<\/span><\/span><span class=\"wpcf7-list-item last\"><input type=\"radio\" name=\"sai\" value=\"EZ \/ No\" \/><span class=\"wpcf7-list-item-label\">EZ \/ No<\/span><\/span><\/span><\/span><\/label>\n<\/p>\n<p><label>Gordailua ordaindu zenuen? \/ \u00bfPagaste el dep\u00f3sito?<br \/>\n<span class=\"wpcf7-form-control-wrap\" data-name=\"gordailua\"><span class=\"wpcf7-form-control wpcf7-radio\"><span class=\"wpcf7-list-item first\"><input type=\"radio\" name=\"gordailua\" value=\"BAI \/ S\u00ed\" \/><span class=\"wpcf7-list-item-label\">BAI \/ S\u00ed<\/span><\/span><span class=\"wpcf7-list-item last\"><input type=\"radio\" name=\"gordailua\" value=\"EZ \/ No\" \/><span class=\"wpcf7-list-item-label\">EZ \/ No<\/span><\/span><\/span><\/span><\/label>\n<\/p>\n<h3>\ud83e\udd1d Parte hartzea \/ Participaci\u00f3n\n<\/h3>\n<p><label>Nola nahi duzu parte hartu? \/ \u00bfC\u00f3mo quieres participar?<br \/>\n<span class=\"wpcf7-form-control-wrap\" data-name=\"partehartzea\"><span class=\"wpcf7-form-control wpcf7-checkbox wpcf7-validates-as-required\"><span class=\"wpcf7-list-item first\"><label><input type=\"checkbox\" name=\"partehartzea[]\" value=\"Kanpainako bileretan parte hartu \/ Participar en las reuniones de la campa\u00f1a\" \/><span class=\"wpcf7-list-item-label\">Kanpainako bileretan parte hartu \/ Participar en las reuniones de la campa\u00f1a<\/span><\/label><\/span><span class=\"wpcf7-list-item\"><label><input type=\"checkbox\" name=\"partehartzea[]\" value=\"Alquiler Seguro-ko beste bizilagun batzuk informatu \/ Informar a otras inquilinas de AS\" \/><span class=\"wpcf7-list-item-label\">Alquiler Seguro-ko beste bizilagun batzuk informatu \/ Informar a otras inquilinas de AS<\/span><\/label><\/span><span class=\"wpcf7-list-item\"><label><input type=\"checkbox\" name=\"partehartzea[]\" value=\"Modu publikoan kanpaina defendatu \/ Defender la campa\u00f1a a nivel p\u00fablico\" \/><span class=\"wpcf7-list-item-label\">Modu publikoan kanpaina defendatu \/ Defender la campa\u00f1a a nivel p\u00fablico<\/span><\/label><\/span><span class=\"wpcf7-list-item\"><label><input type=\"checkbox\" name=\"partehartzea[]\" value=\"Kanpainaren koordinazio lanetan \/ Tareas de coordinaci\u00f3n de la campa\u00f1a\" \/><span class=\"wpcf7-list-item-label\">Kanpainaren koordinazio lanetan \/ Tareas de coordinaci\u00f3n de la campa\u00f1a<\/span><\/label><\/span><span class=\"wpcf7-list-item last\"><label><input type=\"checkbox\" name=\"partehartzea[]\" value=\"Beste batzuk \/ Otros\" \/><span class=\"wpcf7-list-item-label\">Beste batzuk \/ Otros<\/span><\/label><\/span><\/span><\/span><\/label>\n<\/p>\n<p><label>Prest egongo zinateke Alquiler Seguroren aurka alokairu greba kolektiboa egiteko gure dirua berreskuratzeko? \/ \u00bfEstar\u00edas dispuesta a hacer una huelga colectiva contra Alquiler Seguro para recuperar nuestro dinero?<br \/>\n<span class=\"wpcf7-form-control-wrap\" data-name=\"greba\"><span class=\"wpcf7-form-control wpcf7-radio\"><span class=\"wpcf7-list-item first\"><input type=\"radio\" name=\"greba\" value=\"BAI, egurra \/ S\u00ed, vamos a por todas\" \/><span class=\"wpcf7-list-item-label\">BAI, egurra \/ S\u00ed, vamos a por todas<\/span><\/span><span class=\"wpcf7-list-item\"><input type=\"radio\" name=\"greba\" value=\"Agian bai, baina zalantzak argitu behar ditut \/ Puede, pero necesito resolver dudas\" \/><span class=\"wpcf7-list-item-label\">Agian bai, baina zalantzak argitu behar ditut \/ Puede, pero necesito resolver dudas<\/span><\/span><span class=\"wpcf7-list-item last\"><input type=\"radio\" name=\"greba\" value=\"EZ \/ No\" \/><span class=\"wpcf7-list-item-label\">EZ \/ No<\/span><\/span><\/span><\/span><\/label>\n<\/p>\n<h3>\ud83d\udce2 Nola ezagutu duzu kanpaina? \/ \u00bfC\u00f3mo has conocido la campa\u00f1a?\n<\/h3>\n<p><span class=\"wpcf7-form-control-wrap\" data-name=\"ezagutza\"><select class=\"wpcf7-form-control wpcf7-select wpcf7-validates-as-required\" aria-required=\"true\" aria-invalid=\"false\" name=\"ezagutza\"><option value=\"Sindikatuaren bidez \/ A trav\u00e9s del sindicato\">Sindikatuaren bidez \/ A trav\u00e9s del sindicato<\/option><option value=\"Sare sozialak \/ Redes sociales\">Sare sozialak \/ Redes sociales<\/option><option value=\"Nire blokera egindako bisitarengatik \/ Visita a mi bloque\">Nire blokera egindako bisitarengatik \/ Visita a mi bloque<\/option><option value=\"Nire atarian propaganda \/ Propaganda en mi buz\u00f3n o portal\">Nire atarian propaganda \/ Propaganda en mi buz\u00f3n o portal<\/option><option value=\"Lagun edo senideak \/ Amigas o familiares\">Lagun edo senideak \/ Amigas o familiares<\/option><option value=\"Komunikabideak \/ Medios de comunicaci\u00f3n\">Komunikabideak \/ Medios de comunicaci\u00f3n<\/option><option value=\"Besterik \/ Otros\">Besterik \/ Otros<\/option><\/select><\/span>\n<\/p>\n<hr \/>\n<p>\ud83d\udcf2 Jarraitu gaitzazu Instagramen: <strong>@LABetxebizitza<\/strong>\n<\/p>\n<p>\ud83d\udce7 Jarri gurekin harremanetan: <strong>labetxebizitza@gmail.com<\/strong>\n<\/p>\n<p><span class=\"wpcf7-form-control-wrap\" data-name=\"Legeoharra\"><span class=\"wpcf7-form-control wpcf7-checkbox wpcf7-validates-as-required\"><span class=\"wpcf7-list-item first last\"><label><input type=\"checkbox\" name=\"Legeoharra[]\" value=\"LEGE OHARRA, PRIBATUTASUN POLITIKA ETA ERABILTZEKO BALDINTZAK ONARTZEN DITUT\" \/><span class=\"wpcf7-list-item-label\">LEGE OHARRA, PRIBATUTASUN POLITIKA ETA ERABILTZEKO BALDINTZAK ONARTZEN DITUT<\/span><\/label><\/span><\/span><\/span><br \/>\n<a href=\"https:\/\/www.lab.eus\/lege-oharra-eta-pribatutasun-politika\/\" target=\"_blank\" rel=\"noopener noreferrer\"><br \/>\nIrakurri lege oharra, pribatutasun politika eta erabiltzeko baldintzak<br \/>\n<\/a>\n<\/p>\n<p><input class=\"wpcf7-form-control wpcf7-submit has-spinner\" type=\"submit\" value=\"Bidali \/ Enviar\" \/>\n<\/p><div class=\"wpcf7-response-output\" aria-hidden=\"true\"><\/div>\n<\/form>\n<\/div>\n<\/div>\n","protected":false},"excerpt":{"rendered":"","protected":false},"author":1192,"featured_media":0,"parent":0,"menu_order":0,"comment_status":"closed","ping_status":"closed","template":"","meta":{"_monsterinsights_skip_tracking":false,"_monsterinsights_sitenote_active":false,"_monsterinsights_sitenote_note":"","_monsterinsights_sitenote_category":0,"footnotes":"","_links_to":"","_links_to_target":""},"class_list":["post-85666","page","type-page","status-publish"],"_links":{"self":[{"href":"https:\/\/www.lab.eus\/es\/wp-json\/wp\/v2\/pages\/85666","targetHints":{"allow":["GET"]}}],"collection":[{"href":"https:\/\/www.lab.eus\/es\/wp-json\/wp\/v2\/pages"}],"about":[{"href":"https:\/\/www.lab.eus\/es\/wp-json\/wp\/v2\/types\/page"}],"author":[{"embeddable":true,"href":"https:\/\/www.lab.eus\/es\/wp-json\/wp\/v2\/users\/1192"}],"replies":[{"embeddable":true,"href":"https:\/\/www.lab.eus\/es\/wp-json\/wp\/v2\/comments?post=85666"}],"version-history":[{"count":1,"href":"https:\/\/www.lab.eus\/es\/wp-json\/wp\/v2\/pages\/85666\/revisions"}],"predecessor-version":[{"id":85667,"href":"https:\/\/www.lab.eus\/es\/wp-json\/wp\/v2\/pages\/85666\/revisions\/85667"}],"wp:attachment":[{"href":"https:\/\/www.lab.eus\/es\/wp-json\/wp\/v2\/media?parent=85666"}],"curies":[{"name":"wp","href":"https:\/\/api.w.org\/{rel}","templated":true}]}}