{"id":79222,"date":"2025-03-21T11:22:45","date_gmt":"2025-03-21T11:22:45","guid":{"rendered":"https:\/\/www.lab.eus\/?page_id=79222"},"modified":"2025-05-19T10:39:14","modified_gmt":"2025-05-19T10:39:14","slug":"un-smi-propio-para-combatir-la-precariedad","status":"publish","type":"page","link":"https:\/\/www.lab.eus\/es\/un-smi-propio-para-combatir-la-precariedad\/","title":{"rendered":"Un SMI PROPIO para combatir la precariedad"},"content":{"rendered":"<div id=\"tdi_1\" class=\"tdc-zone\"><div class=\"tdc_zone tdi_2  wpb_row td-pb-row\"  >\n<style scoped>\n\/* custom css - generated by TagDiv Composer *\/\n\n\/* custom css - generated by TagDiv Composer *\/\n.tdi_2{\r\n                    min-height: 0;\r\n                }\n<\/style><div id=\"tdi_3\" class=\"tdc-row\"><div class=\"vc_row tdi_4  wpb_row td-pb-row\" >\n<style scoped>\n\/* custom css - generated by TagDiv Composer *\/\n\n\/* custom css - generated by TagDiv Composer *\/\n.tdi_4,\r\n                .tdi_4 .tdc-columns{\r\n                    min-height: 0;\r\n                }.tdi_4,\r\n\t\t\t\t.tdi_4 .tdc-columns{\r\n\t\t\t\t    display: block;\r\n\t\t\t\t}.tdi_4 .tdc-columns{\r\n\t\t\t\t    width: 100%;\r\n\t\t\t\t}.tdi_4:before,\r\n\t\t\t\t.tdi_4:after{\r\n\t\t\t\t    display: table;\r\n\t\t\t\t}\n<\/style><div class=\"vc_column tdi_6  wpb_column vc_column_container tdc-column td-pb-span12\">\n<style scoped>\n\/* custom css - generated by TagDiv Composer *\/\n\n\/* custom css - generated by TagDiv Composer *\/\n.tdi_6{\r\n                    vertical-align: baseline;\r\n                }.tdi_6 > .wpb_wrapper,\r\n\t\t\t\t.tdi_6 > .wpb_wrapper > .tdc-elements{\r\n\t\t\t\t    display: block;\r\n\t\t\t\t}.tdi_6 > .wpb_wrapper > .tdc-elements{\r\n\t\t\t\t    width: 100%;\r\n\t\t\t\t}.tdi_6 > .wpb_wrapper > .vc_row_inner{\r\n\t\t\t\t    width: auto;\r\n\t\t\t\t}.tdi_6 > .wpb_wrapper{\r\n\t\t\t\t    width: auto;\r\n\t\t\t\t    height: auto;\r\n\t\t\t\t}\n<\/style><div class=\"wpb_wrapper\" ><div class=\"td_block_wrap td_block_title tdi_7 td-pb-border-top td_block_template_1 td-fix-index\"  data-td-block-uid=\"tdi_7\" >\n<style>\n.td-theme-wrap .tdi_7 .td-pulldown-filter-link:hover,\r\n            .td-theme-wrap .tdi_7 .td-subcat-item a:hover,\r\n            .td-theme-wrap .tdi_7 .td-subcat-item .td-cur-simple-item {\r\n                color: #005380;\r\n            }\r\n\r\n            .td-theme-wrap .tdi_7 .block-title > *,\r\n            .td-theme-wrap .tdi_7 .td-subcat-dropdown:hover .td-subcat-more {\r\n                background-color: #005380;\r\n            }\r\n            .td-theme-wrap .td-footer-wrapper .tdi_7 .block-title > * {\r\n                padding: 6px 7px 5px;\r\n                line-height: 1;\r\n            }\r\n\r\n            .td-theme-wrap .tdi_7 .block-title {\r\n                border-color: #005380;\r\n            }\r\n\r\n            \r\n            .td-theme-wrap .tdi_7 .td_module_wrap:hover .entry-title a,\r\n            .td-theme-wrap .tdi_7 .td_quote_on_blocks,\r\n            .td-theme-wrap .tdi_7 .td-opacity-cat .td-post-category:hover,\r\n            .td-theme-wrap .tdi_7 .td-opacity-read .td-read-more a:hover,\r\n            .td-theme-wrap .tdi_7 .td-opacity-author .td-post-author-name a:hover,\r\n            .td-theme-wrap .tdi_7 .td-instagram-user a {\r\n                color: #005380;\r\n            }\r\n\r\n            .td-theme-wrap .tdi_7 .td-next-prev-wrap a:hover,\r\n            .td-theme-wrap .tdi_7 .td-load-more-wrap a:hover {\r\n                background-color: #005380;\r\n                border-color: #005380;\r\n            }\r\n\r\n            .td-theme-wrap .tdi_7 .td-read-more a,\r\n            .td-theme-wrap .tdi_7 .td-weather-information:before,\r\n            .td-theme-wrap .tdi_7 .td-weather-week:before,\r\n            .td-theme-wrap .tdi_7 .td-exchange-header:before,\r\n            .td-theme-wrap .td-footer-wrapper .tdi_7 .td-post-category,\r\n            .td-theme-wrap .tdi_7 .td-post-category:hover {\r\n                background-color: #005380;\r\n            }\n\/* inline tdc_css att - generated by TagDiv Composer *\/\n\n.tdi_7{\nmargin-bottom:-23px !important;\n}\n\n<\/style><div class=\"td-block-title-wrap\"><h4 class=\"block-title td-block-title\"><a href=\"https:\/\/lanbideartekosoldata.eus\/\" class=\"td-pulldown-size\">lanbideartekosoldata.eus<\/a><\/h4><\/div><\/div><div class=\"tdm_block td_block_wrap tdm_block_inline_image tdi_8 tdm-inline-block tdm-content-horiz-center td-pb-border-top td_block_template_1\"  data-td-block-uid=\"tdi_8\" >\n<style>\n\n\/* inline tdc_css att - generated by TagDiv Composer *\/\n\n.tdi_8{\nmargin-bottom:20px !important;\n}\n\n<\/style>\n<style>\n\/* custom css - generated by TagDiv Composer *\/\n.tdm_block.tdm_block_inline_image{\r\n                  position: relative;\r\n                  margin-bottom: 0;\r\n                  line-height: 0;\r\n                  overflow: hidden;\r\n                }.tdm_block.tdm_block_inline_image .tdm-inline-image-wrap{\r\n                  position: relative;\r\n                  display: inline-block;\r\n                }.tdm_block.tdm_block_inline_image .td-image-video-modal{\r\n                  cursor: pointer;\r\n                }.tdm_block.tdm_block_inline_image .tdm-caption{\r\n                  width: 100%;\r\n                  font-family: Verdana, BlinkMacSystemFont, -apple-system, \"Segoe UI\", Roboto, Oxygen, Ubuntu, Cantarell, \"Open Sans\", \"Helvetica Neue\", sans-serif;\r\n                  padding-top: 6px;\r\n                  padding-bottom: 6px;\r\n                  font-size: 12px;\r\n                  font-style: italic;\r\n                  font-weight: normal;\r\n                  line-height: 17px;\r\n                  color: #444;\r\n                }.tdm_block.tdm_block_inline_image.tdm-caption-over-image .tdm-caption{\r\n                  position: absolute;\r\n                  left: 0;\r\n                  bottom: 0;\r\n                  margin-top: 0;\r\n                  padding-left: 10px;\r\n                  padding-right: 10px;\r\n                  width: 100%;\r\n                  background: rgba(0, 0, 0, 0.7);\r\n                  color: #fff;\r\n                }.tdi_8 .tdm-inline-image-wrap:hover:before{\r\n                    opacity: 0;\r\n                }.tdi_8 .tdm-image{\r\n\t\t\t\t\tborder-color:  #eaeaea;\r\n\t\t\t\t}\n<\/style><a href=\"https:\/\/lanbideartekosoldata.eus\/\"   class=\"tdm-inline-image-wrap \" ><img loading=\"lazy\" decoding=\"async\" class=\"tdm-image td-fix-index\" src=\"https:\/\/www.lab.eus\/wp-content\/uploads\/2025\/05\/LPI-Banerra.gif\"  title=\"LPI-Banerra\" width=\"1200\" height=\"120\"><\/a><\/div><\/div><\/div><\/div><\/div><div id=\"tdi_9\" class=\"tdc-row\"><div class=\"vc_row tdi_10  wpb_row td-pb-row\" >\n<style scoped>\n\/* custom css - generated by TagDiv Composer *\/\n\n\/* custom css - generated by TagDiv Composer *\/\n.tdi_10,\r\n                .tdi_10 .tdc-columns{\r\n                    min-height: 0;\r\n                }.tdi_10,\r\n\t\t\t\t.tdi_10 .tdc-columns{\r\n\t\t\t\t    display: block;\r\n\t\t\t\t}.tdi_10 .tdc-columns{\r\n\t\t\t\t    width: 100%;\r\n\t\t\t\t}.tdi_10:before,\r\n\t\t\t\t.tdi_10:after{\r\n\t\t\t\t    display: table;\r\n\t\t\t\t}\n<\/style><div class=\"vc_column tdi_12  wpb_column vc_column_container tdc-column td-pb-span7\">\n<style scoped>\n\/* custom css - generated by TagDiv Composer *\/\n\n\/* custom css - generated by TagDiv Composer *\/\n.tdi_12{\r\n                    vertical-align: baseline;\r\n                }.tdi_12 > .wpb_wrapper,\r\n\t\t\t\t.tdi_12 > .wpb_wrapper > .tdc-elements{\r\n\t\t\t\t    display: block;\r\n\t\t\t\t}.tdi_12 > .wpb_wrapper > .tdc-elements{\r\n\t\t\t\t    width: 100%;\r\n\t\t\t\t}.tdi_12 > .wpb_wrapper > .vc_row_inner{\r\n\t\t\t\t    width: auto;\r\n\t\t\t\t}.tdi_12 > .wpb_wrapper{\r\n\t\t\t\t    width: auto;\r\n\t\t\t\t    height: auto;\r\n\t\t\t\t}\n<\/style><div class=\"wpb_wrapper\" ><div class=\"td_block_wrap tdb_title tdi_13 tdb-page-title td-pb-border-top td_block_template_1\"  data-td-block-uid=\"tdi_13\" >\n<style>\n\/* custom css - generated by TagDiv Composer *\/\n.tdb_title{\r\n                  margin-bottom: 19px;\r\n                }.tdb_title.tdb-content-horiz-center{\r\n                  text-align: center;\r\n                }.tdb_title.tdb-content-horiz-center .tdb-title-line{\r\n                  margin: 0 auto;\r\n                }.tdb_title.tdb-content-horiz-right{\r\n                  text-align: right;\r\n                }.tdb_title.tdb-content-horiz-right .tdb-title-line{\r\n                  margin-left: auto;\r\n                  margin-right: 0;\r\n                }.tdb-title-text{\r\n                  display: inline-block;\r\n                  position: relative;\r\n                  margin: 0;\r\n                  word-wrap: break-word;\r\n                  font-size: 30px;\r\n                  line-height: 38px;\r\n                  font-weight: 700;\r\n                }.tdb-first-letter{\r\n                  position: absolute;\r\n                  -webkit-user-select: none;\r\n                  user-select: none;\r\n                  pointer-events: none;\r\n                  text-transform: uppercase;\r\n                  color: rgba(0, 0, 0, 0.08);\r\n                  font-size: 6em;\r\n                  font-weight: 300;\r\n                  top: 50%;\r\n                  -webkit-transform: translateY(-50%);\r\n                  transform: translateY(-50%);\r\n                  left: -0.36em;\r\n                  z-index: -1;\r\n                  -webkit-text-fill-color: initial;\r\n                }.tdb-title-line{\r\n                  display: none;\r\n                  position: relative;\r\n                }.tdb-title-line:after{\r\n                  content: '';\r\n                  width: 100%;\r\n                  position: absolute;\r\n                  background-color: var(--td_theme_color, #4db2ec);\r\n                  top: 0;\r\n                  left: 0;\r\n                  margin: auto;\r\n                }.tdi_13 .tdb-title-line:after{\r\n\t\t\t\t\theight: 2px;\r\n\t\t\t\t\r\n\t\t\t\t\tbottom: 40%;\r\n\t\t\t\t}.tdi_13 .tdb-title-line{\r\n\t\t\t\t\theight: 50px;\r\n\t\t\t\t}.td-theme-wrap .tdi_13{\r\n\t\t\t\t\ttext-align: left;\r\n\t\t\t\t}.tdi_13 .tdb-first-letter{\r\n\t\t\t\t\tleft: -0.36em;\r\n\t\t\t\t\tright: auto;\r\n\t\t\t\t}\n<\/style><div class=\"tdb-block-inner td-fix-index\"><h1 class=\"tdb-title-text\">Sample Page Title<\/h1><div><\/div><div class=\"tdb-title-line\"><\/div><\/div><\/div><div class=\"wpb_wrapper wpb_text_column td_block_wrap td_block_wrap vc_column_text tdi_14  tagdiv-type td-pb-border-top td_block_template_1\"  data-td-block-uid=\"tdi_14\" >\n<style>\n\/* custom css - generated by TagDiv Composer *\/\n.vc_column_text > .td-element-style{\r\n\t\t\t\t\tz-index: -1;\r\n\t\t\t\t}\n<\/style><div class=\"td-fix-index\"><h4><strong>Los sindicatos ELA, LAB, ESK, Steilas, Hiru y Etxalde hemos puesto en marcha el proceso para establecer un salario m\u00ednimo propio para las trabajadoras y trabajadores de Hegoalde. El 8 de enero registramos sendas iniciativas legislativas populares en el Parlamento Vasco y el Parlamento de Navarra, y el 14 de enero planteamos a CONFEBASK y CEN la petici\u00f3n de negociar acuerdos interprofesionales con el mismo objeto.<\/strong><\/h4>\n<h4><strong>El salario m\u00ednimo es un mecanismo para repartir la riqueza y mejorar la cohesi\u00f3n social; reduce la poblaci\u00f3n que subsiste por debajo del nivel de pobreza, e impulsa al alza la negociaci\u00f3n salarial en los sectores con condiciones laborales mejores que las fijadas por ley. Por eso necesitamos un salario m\u00ednimo adecuado a las necesidades de la clase trabajadora de nuestro pa\u00eds.<\/strong><\/h4>\n<h4><strong>\u00bfEs suficiente el SMI de Espa\u00f1a?<\/strong><\/h4>\n<p>Seg\u00fan el Gobierno Vasco, en 2022 se necesitaban 19.848 euros anuales para vivir de modo satisfactorio. En Nafarroa el precio de la vivienda ha subido un 26%, y el de los alquileres, un 46%. El salario m\u00ednimo del Estado estaba fijado en 2024 en 12 pagas de 1.303 \u20ac (14 pagas de 1.134 euros, 15.876 euros anuales); por tanto, no alcanza para sacar de la pobreza a las personas que trabajan y repartir la riqueza.<\/p>\n<h4><strong>\u00bfA cu\u00e1nto asciende el SMI en otros pa\u00edses?<\/strong><\/h4>\n<p>En estados donde se genera una riqueza similar a la de Hegoalde el SMI (en 12 pagas) era mucho m\u00e1s alto en 2024: 2.054 \u20ac en Alemania, 1.766,9 en Francia, 2.230,9 en Gran Breta\u00f1a, 2.070,5 en B\u00e9lgica, 2.570,9 en Luxemburgo, 2.134,1 en los Pa\u00edses Bajos, 2.134,1 en Irlanda y 2.493,2 en Islandia.<\/p>\n<h4><strong>\u00bfA qui\u00e9n beneficiar\u00eda un SMI m\u00e1s alto?<\/strong><\/h4>\n<p>A todas las personas con empleo. Cuando se mejora el salario m\u00ednimo la retribuci\u00f3n de la gente con empleo m\u00e1s precario sube directamente (en especial la de las mujeres, migrantes, personas con diversidad funcional y j\u00f3venes); en Hego Euskal Herria esto supondr\u00eda una mejora para 300.000 personas. Pero adem\u00e1s, cuando se incrementa el salario m\u00ednimo se genera una presi\u00f3n para mejorar el salario de todo el mundo.<\/p>\n<h4><strong>Pero \u00bfpuede haber m\u00e1s de un salario m\u00ednimo en el mismo estado?<\/strong><\/h4>\n<p>S\u00ed, hay varios estados en los que existen salarios m\u00ednimos de diferente cuant\u00eda, como Indonesia, Canad\u00e1, EE UU, Jap\u00f3n, Rusia, Brasil o Alemania.<\/p>\n<h4><strong>\u00bfPor qu\u00e9 se deber\u00eda reivindicar ahora un salario m\u00ednimo propio?<\/strong><\/h4>\n<p>En Espa\u00f1a el salario m\u00ednimo seguir\u00e1 siendo muy bajo, precisamente en un momento en que las empresas est\u00e1n acumulando los mayores beneficios de la historia y los precios de los bienes b\u00e1sicos se han disparado (vivienda, gasolina, alimentos&#8230;). Para hacer frente a esa subida del coste de vida tenemos que decidir el salario m\u00ednimo aqu\u00ed.<\/p>\n<p>Las trabajadoras y trabajadores de Hegoalde han solido manifestar una voluntad diferenciada con frecuencia, por ejemplo en las elecciones sindicales. Asimismo, la clase trabajadora de Hego Euskal Herria es la que protagoniza m\u00e1s movilizaciones y huelgas. Por otra parte, hay que decir que la subida de precios que afrontan trabajadoras y trabajadores es mayor aqu\u00ed. En ese sentido, la lucha por el salario m\u00ednimo constituir\u00eda un avance para la configuraci\u00f3n del marco vasco de relaciones laborales, que mejorar\u00eda las condiciones de vida de la mayor\u00eda de la sociedad a trav\u00e9s de un reparto m\u00e1s justo de la riqueza.<\/p>\n<h4><strong>\u00bfC\u00f3mo podemos lograr que se establezca un salario m\u00ednimo propio?<\/strong><\/h4>\n<p>Seg\u00fan la legislaci\u00f3n vigente se puede fijar mediante un acuerdo interprofesional entre sindicatos y patronal un salario m\u00ednimo propio, con el alcance y cuant\u00eda que se acuerde en la mesa de negociaci\u00f3n. Adem\u00e1s, el Estatuto de los Trabajadores se puede modificar por medio de una iniciativa legislativa popular para que las instituciones de aqu\u00ed (Gobierno Vasco y Gobierno de Navarra) tengan la competencia que les permita fijar un salario m\u00ednimo por encima del establecido en el Estado.<\/p>\n<p>Estas dos v\u00edas son complementarias: el Acuerdo Interprofesional reforzar\u00eda la hoja de ruta para obtener la competencia, y ante un hipot\u00e9tico bloqueo por parte de la Patronal la iniciativa legislativa popular servir\u00eda para acceder a la competencia e interpelar a la patronal. Tanto por una v\u00eda como por otra los sindicatos ELA, LAB, ESK, Steilas, Hiru y Etxalde trabajaremos para poner el esp\u00edritu de lucha\/la vocaci\u00f3n de lucha de la clase trabajadora vasca al servicio de un salario m\u00ednimo m\u00e1s alto.<\/p>\n<\/div><\/div><\/div><\/div><div class=\"vc_column tdi_16  wpb_column vc_column_container tdc-column td-pb-span5\">\n<style scoped>\n\/* custom css - generated by TagDiv Composer *\/\n\n\/* custom css - generated by TagDiv Composer *\/\n.tdi_16{\r\n                    vertical-align: baseline;\r\n                }.tdi_16 > .wpb_wrapper,\r\n\t\t\t\t.tdi_16 > .wpb_wrapper > .tdc-elements{\r\n\t\t\t\t    display: block;\r\n\t\t\t\t}.tdi_16 > .wpb_wrapper > .tdc-elements{\r\n\t\t\t\t    width: 100%;\r\n\t\t\t\t}.tdi_16 > .wpb_wrapper > .vc_row_inner{\r\n\t\t\t\t    width: auto;\r\n\t\t\t\t}.tdi_16 > .wpb_wrapper{\r\n\t\t\t\t    width: auto;\r\n\t\t\t\t    height: auto;\r\n\t\t\t\t}\n<\/style><div class=\"wpb_wrapper\" ><div class=\"tdm_block td_block_wrap tdm_block_inline_image tdi_17 tdm-inline-block tdm-content-horiz-center td-pb-border-top td_block_template_1\"  data-td-block-uid=\"tdi_17\" >\n<style>\n\/* custom css - generated by TagDiv Composer *\/\n.tdi_17 .tdm-inline-image-wrap:hover:before{\r\n                    opacity: 0;\r\n                }.tdi_17 .tdm-image{\r\n\t\t\t\t\tborder-color:  #eaeaea;\r\n\t\t\t\t}\n<\/style><a href=\"https:\/\/www.lab.eus\/wp-content\/uploads\/2025\/05\/KartelaELE_Qr.pdf\" target=\"blank\"  class=\"tdm-inline-image-wrap \" ><img loading=\"lazy\" decoding=\"async\" class=\"tdm-image td-fix-index\" src=\"https:\/\/www.lab.eus\/wp-content\/uploads\/2025\/05\/KartelaELE_Qr.jpg\"  title=\"KartelaELE_Qr\" width=\"1200\" height=\"1697\"><\/a><div class=\"tdm-caption\">CARTEL ILP - BILING\u00dcE [PDF]<\/div><\/div><div class=\"tdm_block td_block_wrap tdm_block_inline_image tdi_18 tdm-inline-block tdm-content-horiz-center td-pb-border-top td_block_template_1\"  data-td-block-uid=\"tdi_18\" >\n<style>\n\/* custom css - generated by TagDiv Composer *\/\n.tdi_18 .tdm-inline-image-wrap:hover:before{\r\n                    opacity: 0;\r\n                }.tdi_18 .tdm-image{\r\n\t\t\t\t\tborder-color:  #eaeaea;\r\n\t\t\t\t}\n<\/style><a href=\"https:\/\/www.lab.eus\/wp-content\/uploads\/2025\/05\/KartelaEUS_Qr.pdf\" target=\"blank\"  class=\"tdm-inline-image-wrap \" ><img loading=\"lazy\" decoding=\"async\" class=\"tdm-image td-fix-index\" src=\"https:\/\/www.lab.eus\/wp-content\/uploads\/2025\/05\/KartelaEUS_Qr.jpg\"  title=\"KartelaEUS_Qr\" width=\"1200\" height=\"1697\"><\/a><div class=\"tdm-caption\">CARTEL ILP - EUSKARAZ [PDF]<\/div><\/div><div class=\"tdm_block td_block_wrap tdm_block_inline_image tdi_19 tdm-inline-block tdm-content-horiz-center td-pb-border-top td_block_template_1\"  data-td-block-uid=\"tdi_19\" >\n<style>\n\/* custom css - generated by TagDiv Composer *\/\n.tdi_19 .tdm-inline-image-wrap:hover:before{\r\n                    opacity: 0;\r\n                }.tdi_19 .tdm-image{\r\n\t\t\t\t\tborder-color:  #eaeaea;\r\n\t\t\t\t}\n<\/style><a href=\"https:\/\/www.lab.eus\/wp-content\/uploads\/2025\/05\/Eskuorria.pdf\" target=\"blank\"  class=\"tdm-inline-image-wrap \" ><img loading=\"lazy\" decoding=\"async\" class=\"tdm-image td-fix-index\" src=\"https:\/\/www.lab.eus\/wp-content\/uploads\/2025\/05\/Eskuorria.jpg\"  title=\"Eskuorria\" width=\"1200\" height=\"1698\"><\/a><div class=\"tdm-caption\">HOJA INFORMATIVA [PDF]<\/div><\/div><\/div><\/div><\/div><\/div><\/div><\/div>","protected":false},"excerpt":{"rendered":"","protected":false},"author":1192,"featured_media":0,"parent":0,"menu_order":0,"comment_status":"closed","ping_status":"closed","template":"","meta":{"_monsterinsights_skip_tracking":false,"_monsterinsights_sitenote_active":false,"_monsterinsights_sitenote_note":"","_monsterinsights_sitenote_category":0,"footnotes":"","_links_to":"","_links_to_target":""},"class_list":["post-79222","page","type-page","status-publish"],"_links":{"self":[{"href":"https:\/\/www.lab.eus\/es\/wp-json\/wp\/v2\/pages\/79222","targetHints":{"allow":["GET"]}}],"collection":[{"href":"https:\/\/www.lab.eus\/es\/wp-json\/wp\/v2\/pages"}],"about":[{"href":"https:\/\/www.lab.eus\/es\/wp-json\/wp\/v2\/types\/page"}],"author":[{"embeddable":true,"href":"https:\/\/www.lab.eus\/es\/wp-json\/wp\/v2\/users\/1192"}],"replies":[{"embeddable":true,"href":"https:\/\/www.lab.eus\/es\/wp-json\/wp\/v2\/comments?post=79222"}],"version-history":[{"count":11,"href":"https:\/\/www.lab.eus\/es\/wp-json\/wp\/v2\/pages\/79222\/revisions"}],"predecessor-version":[{"id":80865,"href":"https:\/\/www.lab.eus\/es\/wp-json\/wp\/v2\/pages\/79222\/revisions\/80865"}],"wp:attachment":[{"href":"https:\/\/www.lab.eus\/es\/wp-json\/wp\/v2\/media?parent=79222"}],"curies":[{"name":"wp","href":"https:\/\/api.w.org\/{rel}","templated":true}]}}