{"id":75363,"date":"2024-11-07T11:13:34","date_gmt":"2024-11-07T11:13:34","guid":{"rendered":"https:\/\/www.lab.eus\/?page_id=75363"},"modified":"2024-11-07T11:45:13","modified_gmt":"2024-11-07T11:45:13","slug":"valentziako-herriari-elkartasuna","status":"publish","type":"page","link":"https:\/\/www.lab.eus\/es\/valentziako-herriari-elkartasuna\/","title":{"rendered":"Valentziako herriari ELKARTASUNA"},"content":{"rendered":"\n<p class=\"has-text-align-left\">Lagundu Valentziako herri langileak pairatzen duen egoerari aurre egiten, eta egin zure ekarpen ekonomikoa Valentziako Intersindicalaren bitartez.<\/p>\n\n\n\n<pre class=\"wp-block-preformatted\"><strong>ES30 2045 6014 6330 0024 7608<br>(Kontzeptua | Concepto: DANA)<\/strong><\/pre>\n\n\n\n<p class=\"has-text-align-left\">Ayuda a hacer frente a la situaci\u00f3n que sufre el pueblo trabajador de Valencia, y haz tu aportaci\u00f3n econ\u00f3mica mediante la Intersindical Valenciana.<\/p>\n\n\n<div class=\"wp-block-image\">\n<figure class=\"alignleft size-large\"><img loading=\"lazy\" decoding=\"async\" width=\"724\" height=\"1024\" src=\"https:\/\/www.lab.eus\/wp-content\/uploads\/2024\/11\/dana-724x1024.jpg\" alt=\"\" class=\"wp-image-75369\" srcset=\"https:\/\/www.lab.eus\/wp-content\/uploads\/2024\/11\/dana-724x1024.jpg 724w, https:\/\/www.lab.eus\/wp-content\/uploads\/2024\/11\/dana-212x300.jpg 212w, https:\/\/www.lab.eus\/wp-content\/uploads\/2024\/11\/dana-768x1086.jpg 768w, https:\/\/www.lab.eus\/wp-content\/uploads\/2024\/11\/dana-150x212.jpg 150w, https:\/\/www.lab.eus\/wp-content\/uploads\/2024\/11\/dana-300x424.jpg 300w, https:\/\/www.lab.eus\/wp-content\/uploads\/2024\/11\/dana-696x984.jpg 696w, https:\/\/www.lab.eus\/wp-content\/uploads\/2024\/11\/dana.jpg 905w\" sizes=\"auto, (max-width: 724px) 100vw, 724px\" \/><\/figure><\/div>","protected":false},"excerpt":{"rendered":"<p>Lagundu Valentziako herri langileak pairatzen duen egoerari aurre egiten, eta egin zure ekarpen ekonomikoa Valentziako Intersindicalaren bitartez. ES30 2045 6014 6330 0024 7608(Kontzeptua | Concepto: DANA) Ayuda a hacer frente a la situaci\u00f3n que sufre el pueblo trabajador de Valencia, y haz tu aportaci\u00f3n econ\u00f3mica mediante la Intersindical Valenciana.<\/p>\n","protected":false},"author":1192,"featured_media":0,"parent":0,"menu_order":0,"comment_status":"closed","ping_status":"closed","template":"","meta":{"_monsterinsights_skip_tracking":false,"_monsterinsights_sitenote_active":false,"_monsterinsights_sitenote_note":"","_monsterinsights_sitenote_category":0,"footnotes":"","_links_to":"","_links_to_target":""},"class_list":["post-75363","page","type-page","status-publish"],"_links":{"self":[{"href":"https:\/\/www.lab.eus\/es\/wp-json\/wp\/v2\/pages\/75363","targetHints":{"allow":["GET"]}}],"collection":[{"href":"https:\/\/www.lab.eus\/es\/wp-json\/wp\/v2\/pages"}],"about":[{"href":"https:\/\/www.lab.eus\/es\/wp-json\/wp\/v2\/types\/page"}],"author":[{"embeddable":true,"href":"https:\/\/www.lab.eus\/es\/wp-json\/wp\/v2\/users\/1192"}],"replies":[{"embeddable":true,"href":"https:\/\/www.lab.eus\/es\/wp-json\/wp\/v2\/comments?post=75363"}],"version-history":[{"count":8,"href":"https:\/\/www.lab.eus\/es\/wp-json\/wp\/v2\/pages\/75363\/revisions"}],"predecessor-version":[{"id":75381,"href":"https:\/\/www.lab.eus\/es\/wp-json\/wp\/v2\/pages\/75363\/revisions\/75381"}],"wp:attachment":[{"href":"https:\/\/www.lab.eus\/es\/wp-json\/wp\/v2\/media?parent=75363"}],"curies":[{"name":"wp","href":"https:\/\/api.w.org\/{rel}","templated":true}]}}