{"id":34985,"date":"2021-05-18T12:37:45","date_gmt":"2021-05-18T12:37:45","guid":{"rendered":"https:\/\/www.lab.eus\/?page_id=34985"},"modified":"2021-05-18T12:39:52","modified_gmt":"2021-05-18T12:39:52","slug":"topaketak","status":"publish","type":"page","link":"https:\/\/www.lab.eus\/es\/topaketak\/","title":{"rendered":"Ekintza Soziala | TOPAKETAK (Izen ematea)"},"content":{"rendered":"\n<div class=\"wp-block-contact-form-7-contact-form-selector\">\n<div class=\"wpcf7 no-js\" id=\"wpcf7-f34984-o1\" lang=\"eu-ES\" dir=\"ltr\" data-wpcf7-id=\"34984\">\n<div class=\"screen-reader-response\"><p role=\"status\" aria-live=\"polite\" aria-atomic=\"true\"><\/p> <ul><\/ul><\/div>\n<form action=\"\/es\/wp-json\/wp\/v2\/pages\/34985#wpcf7-f34984-o1\" method=\"post\" class=\"wpcf7-form init\" aria-label=\"Contact form\" novalidate=\"novalidate\" data-status=\"init\">\n<fieldset class=\"hidden-fields-container\"><input type=\"hidden\" name=\"_wpcf7\" value=\"34984\" \/><input type=\"hidden\" name=\"_wpcf7_version\" value=\"6.1.5\" \/><input type=\"hidden\" name=\"_wpcf7_locale\" value=\"eu_ES\" \/><input type=\"hidden\" name=\"_wpcf7_unit_tag\" value=\"wpcf7-f34984-o1\" \/><input type=\"hidden\" name=\"_wpcf7_container_post\" value=\"0\" \/><input type=\"hidden\" name=\"_wpcf7_posted_data_hash\" value=\"\" \/><input type=\"hidden\" name=\"_wpcf7cf_hidden_group_fields\" value=\"[]\" \/><input type=\"hidden\" name=\"_wpcf7cf_hidden_groups\" value=\"[]\" \/><input type=\"hidden\" name=\"_wpcf7cf_visible_groups\" value=\"[]\" \/><input type=\"hidden\" name=\"_wpcf7cf_repeaters\" value=\"[]\" \/><input type=\"hidden\" name=\"_wpcf7cf_steps\" value=\"{}\" \/><input type=\"hidden\" name=\"_wpcf7cf_options\" value=\"{&quot;form_id&quot;:34984,&quot;conditions&quot;:[{&quot;and_rules&quot;:[{&quot;if_field&quot;:&quot;&quot;,&quot;operator&quot;:&quot;equals&quot;,&quot;if_value&quot;:&quot;BAI&quot;}]},{&quot;and_rules&quot;:[{&quot;if_field&quot;:&quot;&quot;,&quot;operator&quot;:&quot;equals&quot;,&quot;if_value&quot;:&quot;EZ&quot;}]}],&quot;settings&quot;:{&quot;animation&quot;:&quot;yes&quot;,&quot;animation_intime&quot;:200,&quot;animation_outtime&quot;:200,&quot;conditions_ui&quot;:&quot;normal&quot;,&quot;notice_dismissed&quot;:false,&quot;notice_dismissed_rollback-cf7-5.8&quot;:true,&quot;notice_dismissed_rollback-cf7-5.9.5&quot;:true}}\" \/><input type=\"hidden\" name=\"_wpcf7_recaptcha_response\" value=\"\" \/>\n<\/fieldset>\n<p><strong>EKINTZA SOZIALEKO KOMUNITATEA elkarrekin sortu, erein, eta saretzeko TOPAKETAK<\/strong>\n<\/p>\n<p><strong>IZENA EMATEKO FORMULARIOA | FORMULARIO DE SUSCRIPCI\u00d3N | FORMULAIRE D'INSCRIPTION<\/strong>\n<\/p>\n<p><label>IZENA | NOMBRE | PRENOM<br \/>\n<span class=\"wpcf7-form-control-wrap\" data-name=\"IZENA\"><input size=\"40\" maxlength=\"400\" class=\"wpcf7-form-control wpcf7-text wpcf7-validates-as-required\" aria-required=\"true\" aria-invalid=\"false\" value=\"\" type=\"text\" name=\"IZENA\" \/><\/span> <\/label>\n<\/p>\n<p><label>ABIZENAK | APELLIDOS | NOM<br \/>\n<span class=\"wpcf7-form-control-wrap\" data-name=\"ABIZENAK\"><input size=\"40\" maxlength=\"400\" class=\"wpcf7-form-control wpcf7-text wpcf7-validates-as-required\" aria-required=\"true\" aria-invalid=\"false\" value=\"\" type=\"text\" name=\"ABIZENAK\" \/><\/span> <\/label>\n<\/p>\n<p><label>EMAILA | EMAIL | E-MAIL*<\/label><br \/>\n<span class=\"wpcf7-form-control-wrap\" data-name=\"EMAILA\"><input size=\"40\" maxlength=\"400\" class=\"wpcf7-form-control wpcf7-email wpcf7-validates-as-required wpcf7-text wpcf7-validates-as-email\" aria-required=\"true\" aria-invalid=\"false\" value=\"\" type=\"email\" name=\"EMAILA\" \/><\/span>\n<\/p>\n<p><label>NON PARTE HARTU NAHI DUZU? | \u00bfD\u00d3NDE QUIERES PARTICIPAR? | OU VOULEZ-VOUS PARTICIPER?<\/label><br \/>\n<span class=\"wpcf7-form-control-wrap\" data-name=\"menu-618\"><select class=\"wpcf7-form-control wpcf7-select wpcf7-validates-as-required\" aria-required=\"true\" aria-invalid=\"false\" name=\"menu-618\"><option value=\"\">&#8212;Please choose an option&#8212;<\/option><option value=\"BASAURI -Bizkaia\">BASAURI -Bizkaia<\/option><option value=\"GASTEIZ -  Araba\">GASTEIZ -  Araba<\/option><option value=\"IRUN - Gipuzkoa eta Ipar EH\">IRUN - Gipuzkoa eta Ipar EH<\/option><option value=\"IRU\u00d1EA - Nafarroa\">IRU\u00d1EA - Nafarroa<\/option><\/select><\/span>\n<\/p>\n<p><b>ZAINTZA | CUIDADO<\/b><br \/>\n<label>Ekainaren 10 eta 12ko Ekintza Sozialeko Komunitatearen Topaketetan denon parte hartzea bermatzeko, haurren zaintza gunea antolatuko dugu. Adierazi hemen haurren zaintza beharrik baduzu.<br \/>\nEn las jornadas de la Comunidad de Acci\u00f3n Social de los d\u00edas 10 y 12 de junio para garantizar la participaci\u00f3n de todas las personas, organizaremos un espacio de cuidados de las y los ni\u00f1os. Comun\u00edcanos aqu\u00ed si tienes alguna necesidad de cuidados de menores.<\/label>\n<\/p>\n<p><span class=\"wpcf7-form-control-wrap\" data-name=\"radio-62\"><span class=\"wpcf7-form-control wpcf7-radio\"><span class=\"wpcf7-list-item first\"><label><input type=\"radio\" name=\"radio-62\" value=\"BAI\" \/><span class=\"wpcf7-list-item-label\">BAI<\/span><\/label><\/span><span class=\"wpcf7-list-item last\"><label><input type=\"radio\" name=\"radio-62\" value=\"EZ\" checked=\"checked\" \/><span class=\"wpcf7-list-item-label\">EZ<\/span><\/label><\/span><\/span><\/span>\n<\/p>\n<p><label>OHARRAK | NOTAS<\/label><br \/>\n<span class=\"wpcf7-form-control-wrap\" data-name=\"textarea-370\"><textarea cols=\"40\" rows=\"10\" maxlength=\"2000\" class=\"wpcf7-form-control wpcf7-textarea\" aria-invalid=\"false\" name=\"textarea-370\"><\/textarea><\/span>\n<\/p>\n<p><span class=\"wpcf7-form-control-wrap\" data-name=\"checkbox-934\"><span class=\"wpcf7-form-control wpcf7-checkbox wpcf7-validates-as-required\"><span class=\"wpcf7-list-item first last\"><label><input type=\"checkbox\" name=\"checkbox-934[]\" value=\"LEGE OHARRA, PRIBATUTASUN POLITIKA ETA ERABILTZEKO BALDINTZAK ONARTZEN DITUT - Acepto la nota legal, la pol\u00edtica de privacidad y las condiciones de uso - J&#039;accepte la note l\u00e9gale, la politique de confidentialit\u00e9 et les conditions d&#039;utilisation*\" \/><span class=\"wpcf7-list-item-label\">LEGE OHARRA, PRIBATUTASUN POLITIKA ETA ERABILTZEKO BALDINTZAK ONARTZEN DITUT - Acepto la nota legal, la pol\u00edtica de privacidad y las condiciones de uso - J&#039;accepte la note l\u00e9gale, la politique de confidentialit\u00e9 et les conditions d&#039;utilisation*<\/span><\/label><\/span><\/span><\/span>\n<\/p>\n<p><input class=\"wpcf7-form-control wpcf7-submit has-spinner\" type=\"submit\" value=\"BIDALI - Enviar - Envoyer\" \/>\n<\/p><div class=\"wpcf7-response-output\" aria-hidden=\"true\"><\/div>\n<\/form>\n<\/div>\n<\/div>\n","protected":false},"excerpt":{"rendered":"","protected":false},"author":1192,"featured_media":0,"parent":0,"menu_order":0,"comment_status":"closed","ping_status":"closed","template":"","meta":{"_monsterinsights_skip_tracking":false,"_monsterinsights_sitenote_active":false,"_monsterinsights_sitenote_note":"","_monsterinsights_sitenote_category":0,"footnotes":"","_links_to":"","_links_to_target":""},"class_list":["post-34985","page","type-page","status-publish"],"_links":{"self":[{"href":"https:\/\/www.lab.eus\/es\/wp-json\/wp\/v2\/pages\/34985","targetHints":{"allow":["GET"]}}],"collection":[{"href":"https:\/\/www.lab.eus\/es\/wp-json\/wp\/v2\/pages"}],"about":[{"href":"https:\/\/www.lab.eus\/es\/wp-json\/wp\/v2\/types\/page"}],"author":[{"embeddable":true,"href":"https:\/\/www.lab.eus\/es\/wp-json\/wp\/v2\/users\/1192"}],"replies":[{"embeddable":true,"href":"https:\/\/www.lab.eus\/es\/wp-json\/wp\/v2\/comments?post=34985"}],"version-history":[{"count":0,"href":"https:\/\/www.lab.eus\/es\/wp-json\/wp\/v2\/pages\/34985\/revisions"}],"wp:attachment":[{"href":"https:\/\/www.lab.eus\/es\/wp-json\/wp\/v2\/media?parent=34985"}],"curies":[{"name":"wp","href":"https:\/\/api.w.org\/{rel}","templated":true}]}}