{"id":32889,"date":"2021-04-09T12:16:07","date_gmt":"2021-04-09T12:16:07","guid":{"rendered":"https:\/\/www.lab.eus\/?page_id=32889"},"modified":"2021-04-09T12:16:08","modified_gmt":"2021-04-09T12:16:08","slug":"ekintza-soziala-komunitatea-afiliatuak","status":"publish","type":"page","link":"https:\/\/www.lab.eus\/es\/ekintza-soziala-komunitatea-afiliatuak\/","title":{"rendered":"Ekintza Soziala Komunitatea &#8211; Afiliatuak"},"content":{"rendered":"\n<div class=\"wp-block-contact-form-7-contact-form-selector\">\n<div class=\"wpcf7 no-js\" id=\"wpcf7-f32425-o1\" lang=\"eu-ES\" dir=\"ltr\" data-wpcf7-id=\"32425\">\n<div class=\"screen-reader-response\"><p role=\"status\" aria-live=\"polite\" aria-atomic=\"true\"><\/p> <ul><\/ul><\/div>\n<form action=\"\/es\/wp-json\/wp\/v2\/pages\/32889#wpcf7-f32425-o1\" method=\"post\" class=\"wpcf7-form init\" aria-label=\"Contact form\" novalidate=\"novalidate\" data-status=\"init\">\n<fieldset class=\"hidden-fields-container\"><input type=\"hidden\" name=\"_wpcf7\" value=\"32425\" \/><input type=\"hidden\" name=\"_wpcf7_version\" value=\"6.1.5\" \/><input type=\"hidden\" name=\"_wpcf7_locale\" value=\"eu_ES\" \/><input type=\"hidden\" name=\"_wpcf7_unit_tag\" value=\"wpcf7-f32425-o1\" \/><input type=\"hidden\" name=\"_wpcf7_container_post\" value=\"0\" \/><input type=\"hidden\" name=\"_wpcf7_posted_data_hash\" value=\"\" \/><input type=\"hidden\" name=\"_wpcf7cf_hidden_group_fields\" value=\"[]\" \/><input type=\"hidden\" name=\"_wpcf7cf_hidden_groups\" value=\"[]\" \/><input type=\"hidden\" name=\"_wpcf7cf_visible_groups\" value=\"[]\" \/><input type=\"hidden\" name=\"_wpcf7cf_repeaters\" value=\"[]\" \/><input type=\"hidden\" name=\"_wpcf7cf_steps\" value=\"{}\" \/><input type=\"hidden\" name=\"_wpcf7cf_options\" value=\"{&quot;form_id&quot;:32425,&quot;conditions&quot;:[{&quot;and_rules&quot;:[{&quot;if_field&quot;:&quot;&quot;,&quot;operator&quot;:&quot;equals&quot;,&quot;if_value&quot;:&quot;BAI&quot;}]},{&quot;and_rules&quot;:[{&quot;if_field&quot;:&quot;&quot;,&quot;operator&quot;:&quot;equals&quot;,&quot;if_value&quot;:&quot;EZ&quot;}]}],&quot;settings&quot;:{&quot;animation&quot;:&quot;yes&quot;,&quot;animation_intime&quot;:200,&quot;animation_outtime&quot;:200,&quot;conditions_ui&quot;:&quot;normal&quot;,&quot;notice_dismissed&quot;:false,&quot;notice_dismissed_rollback-cf7-5.8&quot;:true,&quot;notice_dismissed_rollback-cf7-5.9.5&quot;:true}}\" \/><input type=\"hidden\" name=\"_wpcf7_recaptcha_response\" value=\"\" \/>\n<\/fieldset>\n<p>Ekintza sozialeko komunitatean izen-ematera zoaz! Jarraian hainbat datu eskatuko dizkizugu. *Asteriskoak betetzea beharrezkoa den atalari dagokio. Orria bete ostean gure erantzun bat jasoko duzu. Jasoko ez bazenu jarri sindikatuarekin harremanetan (ekintzasoziala@lab.eus) |\u00a1Vas a inscribirte en la Comunidad de Acci\u00f3n Social! A continuaci\u00f3n te solicitamos que rellenes una serie de datos. Los campos marcados con un asterisco son imprescindibles. Una vez rellenada la p\u00e1gina recibir\u00e1s un email de respuesta. Si no lo recibes, ponte en contacto con el sindicato: ekintzasoziala@lab.eus | Vous allez vous inscrire \u00e0 la communaut\u00e9 d' action sociale! Nous vous demanderons ensuite un certain nombre de donn\u00e9es. Une fois la page tourn\u00e9e, vous aurez notre r\u00e9ponse. Si vous ne la recevez pas, contactez le syndicat: ekintzasoziala@lab.eus\n<\/p>\n<p><label>IZENA | NOMBRE | PRENOM<br \/>\n<span class=\"wpcf7-form-control-wrap\" data-name=\"IZENA\"><input size=\"40\" maxlength=\"400\" class=\"wpcf7-form-control wpcf7-text wpcf7-validates-as-required\" aria-required=\"true\" aria-invalid=\"false\" value=\"\" type=\"text\" name=\"IZENA\" \/><\/span> <\/label>\n<\/p>\n<p><label>ABIZENAK | APELLIDOS | NOM<br \/>\n<span class=\"wpcf7-form-control-wrap\" data-name=\"ABIZENAK\"><input size=\"40\" maxlength=\"400\" class=\"wpcf7-form-control wpcf7-text wpcf7-validates-as-required\" aria-required=\"true\" aria-invalid=\"false\" value=\"\" type=\"text\" name=\"ABIZENAK\" \/><\/span> <\/label>\n<\/p>\n<p><label>EMAILA | EMAIL | E-MAIL*<\/label><br \/>\n<span class=\"wpcf7-form-control-wrap\" data-name=\"EMAILA\"><input size=\"40\" maxlength=\"400\" class=\"wpcf7-form-control wpcf7-email wpcf7-validates-as-required wpcf7-text wpcf7-validates-as-email\" aria-required=\"true\" aria-invalid=\"false\" value=\"\" type=\"email\" name=\"EMAILA\" \/><\/span>\n<\/p>\n<hr \/>\n<p><label>JATORRIA | ORIGEN | ORIGINE <\/label><br \/>\n<span class=\"wpcf7-form-control-wrap\" data-name=\"JATORRIA\"><input size=\"40\" maxlength=\"400\" class=\"wpcf7-form-control wpcf7-text\" aria-invalid=\"false\" value=\"\" type=\"text\" name=\"JATORRIA\" \/><\/span><br \/>\n<label>GENEROA | G\u00c9NERO | GENRE<\/label><br \/>\n<span class=\"wpcf7-form-control-wrap\" data-name=\"GENEROA\"><input size=\"40\" maxlength=\"400\" class=\"wpcf7-form-control wpcf7-text\" aria-invalid=\"false\" value=\"\" type=\"text\" name=\"GENEROA\" \/><\/span><br \/>\n<label>BIZILEKUA | RESIDENCIA | HABITAT*<\/label><br \/>\n<span class=\"wpcf7-form-control-wrap\" data-name=\"BIZILEKUAHERRIA\"><input size=\"40\" maxlength=\"400\" class=\"wpcf7-form-control wpcf7-text wpcf7-validates-as-required\" aria-required=\"true\" aria-invalid=\"false\" value=\"\" type=\"text\" name=\"BIZILEKUAHERRIA\" \/><\/span><br \/>\n<label>HELBIDEA |\u00a0DIRECCI\u00d3N | ADRESEE*<\/label><br \/>\n<span class=\"wpcf7-form-control-wrap\" data-name=\"HELBIDEA\"><input size=\"40\" maxlength=\"400\" class=\"wpcf7-form-control wpcf7-text wpcf7-validates-as-required\" aria-required=\"true\" aria-invalid=\"false\" value=\"\" type=\"text\" name=\"HELBIDEA\" \/><\/span><br \/>\n<label>POSTA KODEA | CODIGO POSTAL | CODE POSTAL<\/label><br \/>\n<span class=\"wpcf7-form-control-wrap\" data-name=\"POSTAKODEA\"><input class=\"wpcf7-form-control wpcf7-number wpcf7-validates-as-number\" aria-invalid=\"false\" value=\"\" type=\"number\" name=\"POSTAKODEA\" \/><\/span><br \/>\n<label>MUGIKORRA | MOVIL | MOBILE<\/label><br \/>\n<span class=\"wpcf7-form-control-wrap\" data-name=\"MUGIKORRA\"><input size=\"40\" maxlength=\"400\" class=\"wpcf7-form-control wpcf7-tel wpcf7-text wpcf7-validates-as-tel\" aria-invalid=\"false\" value=\"\" type=\"tel\" name=\"MUGIKORRA\" \/><\/span>\n<\/p>\n<hr \/>\n<p><label><strong>Non parte hartu nahi duzu? | \u00bfD\u00f3nde quieres participar? | O\u00f9 voulez-vous participer?<\/strong><\/label>\n<\/p>\n<p><label>> Ekintza sozialeko SAREA | RED de Acci\u00f3n Social | R\u00e9seau d' action sociale : informazioa jasotzeko, ekintza sozialeko komunitatearen ekimen eta kanpainen berri izan eta haietan parte hartu nahi duenarentzat | Para los y las que os interese recibir informaci\u00f3n sobre iniciativas y campa\u00f1as de la Comunidad de Acci\u00f3n Social | pour recevoir des informations, qui veulent conna\u00eetre les initiatives et les campagnes de la communaut\u00e9 d' action sociale et y participer.<br \/>\n<\/label><span class=\"wpcf7-form-control-wrap\" data-name=\"SAREA\"><span class=\"wpcf7-form-control wpcf7-radio\"><span class=\"wpcf7-list-item first\"><label><input type=\"radio\" name=\"SAREA\" value=\"BAI\" \/><span class=\"wpcf7-list-item-label\">BAI<\/span><\/label><\/span><span class=\"wpcf7-list-item last\"><label><input type=\"radio\" name=\"SAREA\" value=\"EZ\" \/><span class=\"wpcf7-list-item-label\">EZ<\/span><\/label><\/span><\/span><\/span>\n<\/p>\n<p><label>> Ekintza sozialeko ARLOAK | \u00c1REAS DE Acci\u00f3n social | Domaines d' action sociale: lehentasunezko lan lerro sozialen inguruan herrialde mailako elkarguneak antolatuko ditugu, adib.: jatorri aniztasuna | Organizaremos puntos de encuentro a nivel nacional en torno a las l\u00edneas de trabajo social prioritarias | autour des lignes sociales de travail prioritaires, nous organiserons des partenariats.<br \/>\n<\/label><span class=\"wpcf7-form-control-wrap\" data-name=\"ARLOAK\"><span class=\"wpcf7-form-control wpcf7-radio\"><span class=\"wpcf7-list-item first\"><label><input type=\"radio\" name=\"ARLOAK\" value=\"BAI\" \/><span class=\"wpcf7-list-item-label\">BAI<\/span><\/label><\/span><span class=\"wpcf7-list-item last\"><label><input type=\"radio\" name=\"ARLOAK\" value=\"EZ\" \/><span class=\"wpcf7-list-item-label\">EZ<\/span><\/label><\/span><\/span><\/span>\n<\/p>\n<p><label>Zein arlo edo gai sozial interesatzen zaizu \/ ikusten duzu zure burua ekarpena egiteko prest? (jatorri aniztasuna, larrialdi ekologikoa, etxebizitza...) | \u00bfQu\u00e9 \u00e1reas o temas sociales te interesan\/te ves dispuesto o dispuesta a aportar? (Diversidad de or\u00edgenes, emergencia ecol\u00f3gica, vivienda...) | Quel est le th\u00e8me social qui vous int\u00e9resse, vous vous voyez pr\u00eat \u00e0 apporter votre contribution? (Diversit\u00e9 d' origine, urgence \u00e9cologique, logement...)*<\/label><br \/>\n<span class=\"wpcf7-form-control-wrap\" data-name=\"ZEINARLO\"><textarea cols=\"40\" rows=\"10\" maxlength=\"2000\" class=\"wpcf7-form-control wpcf7-textarea wpcf7-validates-as-required\" aria-required=\"true\" aria-invalid=\"false\" name=\"ZEINARLO\"><\/textarea><\/span>\n<\/p>\n<p><label>Mugimendu edo eragile sozialen batean parte hartzen duzu? Non? | \u00bfParticipas en alg\u00fan movimiento o agente social? \u00bfEn cu\u00e1l? | Vous participez \u00e0 un mouvement social? O\u00f9 \u00e7a? *<\/label><br \/>\n<span class=\"wpcf7-form-control-wrap\" data-name=\"PARTEHARTU\"><textarea cols=\"40\" rows=\"10\" maxlength=\"2000\" class=\"wpcf7-form-control wpcf7-textarea wpcf7-validates-as-required\" aria-required=\"true\" aria-invalid=\"false\" name=\"PARTEHARTU\"><\/textarea><\/span>\n<\/p>\n<p><label>Zerbait gehitu nahi duzu? | \u00bfQuieres a\u00f1adir algo? | Tu veux ajouter quelque chose?<\/label><br \/>\n<span class=\"wpcf7-form-control-wrap\" data-name=\"GEHITU\"><textarea cols=\"40\" rows=\"10\" maxlength=\"2000\" class=\"wpcf7-form-control wpcf7-textarea\" aria-invalid=\"false\" name=\"GEHITU\"><\/textarea><\/span>\n<\/p>\n<p><span class=\"wpcf7-form-control-wrap\" data-name=\"checkbox-934\"><span class=\"wpcf7-form-control wpcf7-checkbox wpcf7-validates-as-required\"><span class=\"wpcf7-list-item first last\"><label><input type=\"checkbox\" name=\"checkbox-934[]\" value=\"LEGE OHARRA, PRIBATUTASUN POLITIKA ETA ERABILTZEKO BALDINTZAK ONARTZEN DITUT - Acepto la nota legal, la pol\u00edtica de privacidad y las condiciones de uso - J&#039;accepte la note l\u00e9gale, la politique de confidentialit\u00e9 et les conditions d&#039;utilisation*\" \/><span class=\"wpcf7-list-item-label\">LEGE OHARRA, PRIBATUTASUN POLITIKA ETA ERABILTZEKO BALDINTZAK ONARTZEN DITUT - Acepto la nota legal, la pol\u00edtica de privacidad y las condiciones de uso - J&#039;accepte la note l\u00e9gale, la politique de confidentialit\u00e9 et les conditions d&#039;utilisation*<\/span><\/label><\/span><\/span><\/span>\n<\/p>\n<p><input class=\"wpcf7-form-control wpcf7-submit has-spinner\" type=\"submit\" value=\"BIDALI - Enviar - Envoyer\" \/>\n<\/p><div class=\"wpcf7-response-output\" aria-hidden=\"true\"><\/div>\n<\/form>\n<\/div>\n<\/div>\n","protected":false},"excerpt":{"rendered":"","protected":false},"author":1192,"featured_media":0,"parent":0,"menu_order":0,"comment_status":"closed","ping_status":"closed","template":"","meta":{"_monsterinsights_skip_tracking":false,"_monsterinsights_sitenote_active":false,"_monsterinsights_sitenote_note":"","_monsterinsights_sitenote_category":0,"footnotes":"","_links_to":"","_links_to_target":""},"class_list":["post-32889","page","type-page","status-publish"],"_links":{"self":[{"href":"https:\/\/www.lab.eus\/es\/wp-json\/wp\/v2\/pages\/32889","targetHints":{"allow":["GET"]}}],"collection":[{"href":"https:\/\/www.lab.eus\/es\/wp-json\/wp\/v2\/pages"}],"about":[{"href":"https:\/\/www.lab.eus\/es\/wp-json\/wp\/v2\/types\/page"}],"author":[{"embeddable":true,"href":"https:\/\/www.lab.eus\/es\/wp-json\/wp\/v2\/users\/1192"}],"replies":[{"embeddable":true,"href":"https:\/\/www.lab.eus\/es\/wp-json\/wp\/v2\/comments?post=32889"}],"version-history":[{"count":0,"href":"https:\/\/www.lab.eus\/es\/wp-json\/wp\/v2\/pages\/32889\/revisions"}],"wp:attachment":[{"href":"https:\/\/www.lab.eus\/es\/wp-json\/wp\/v2\/media?parent=32889"}],"curies":[{"name":"wp","href":"https:\/\/api.w.org\/{rel}","templated":true}]}}